{"id":316,"date":"2022-12-12T11:32:21","date_gmt":"2022-12-12T11:32:21","guid":{"rendered":"https:\/\/www.krion.com\/looks\/slim-nest\/"},"modified":"2022-12-19T13:18:32","modified_gmt":"2022-12-19T13:18:32","slug":"slim-nest","status":"publish","type":"page","link":"https:\/\/www.krion.com\/looks\/fr\/slim-nest\/","title":{"rendered":"Set de bain Nest Slim"},"content":{"rendered":"","protected":false},"excerpt":{"rendered":"","protected":false},"author":1,"featured_media":0,"parent":0,"menu_order":0,"comment_status":"closed","ping_status":"closed","template":"page-home.php","meta":[],"acf":[],"yoast_head":"<!-- This site is optimized with the Yoast SEO plugin v17.6 - https:\/\/yoast.com\/wordpress\/plugins\/seo\/ -->\n<title>Baignoire SLIM et ensemble de bain NEST | Krion Bath<\/title>\n<meta name=\"description\" content=\"D\u00e9couvrez notre proposition de cr\u00e9er un havre de d\u00e9tente \u00e0 votre mesure par Krion Bath avec la baignoire SLIM et la s\u00e9rie NEST.\" \/>\n<meta name=\"robots\" content=\"index, follow, max-snippet:-1, max-image-preview:large, max-video-preview:-1\" \/>\n<link rel=\"canonical\" href=\"https:\/\/www.krion.com\/looks\/fr\/slim-nest\/\" \/>\n<meta property=\"og:locale\" content=\"fr_FR\" \/>\n<meta property=\"og:type\" content=\"article\" \/>\n<meta property=\"og:title\" content=\"Baignoire SLIM et ensemble de bain NEST | Krion Bath\" \/>\n<meta property=\"og:description\" content=\"D\u00e9couvrez notre proposition de cr\u00e9er un havre de d\u00e9tente \u00e0 votre mesure par Krion Bath avec la baignoire SLIM et la s\u00e9rie NEST.\" \/>\n<meta property=\"og:url\" content=\"https:\/\/www.krion.com\/looks\/fr\/slim-nest\/\" \/>\n<meta property=\"og:site_name\" content=\"Krion Java&amp;Flow\" \/>\n<meta property=\"article:modified_time\" content=\"2022-12-19T13:18:32+00:00\" \/>\n<meta name=\"twitter:card\" content=\"summary_large_image\" \/>\n<script type=\"application\/ld+json\" class=\"yoast-schema-graph\">{\"@context\":\"https:\/\/schema.org\",\"@graph\":[{\"@type\":\"WebSite\",\"@id\":\"https:\/\/www.krion.com\/looks\/#website\",\"url\":\"https:\/\/www.krion.com\/looks\/\",\"name\":\"Krion Java&amp;Flow\",\"description\":\"\",\"potentialAction\":[{\"@type\":\"SearchAction\",\"target\":{\"@type\":\"EntryPoint\",\"urlTemplate\":\"https:\/\/www.krion.com\/looks\/?s={search_term_string}\"},\"query-input\":\"required name=search_term_string\"}],\"inLanguage\":\"fr-FR\"},{\"@type\":\"WebPage\",\"@id\":\"https:\/\/www.krion.com\/looks\/fr\/slim-nest\/#webpage\",\"url\":\"https:\/\/www.krion.com\/looks\/fr\/slim-nest\/\",\"name\":\"Baignoire SLIM et ensemble de bain NEST | Krion Bath\",\"isPartOf\":{\"@id\":\"https:\/\/www.krion.com\/looks\/#website\"},\"datePublished\":\"2022-12-12T11:32:21+00:00\",\"dateModified\":\"2022-12-19T13:18:32+00:00\",\"description\":\"D\\u00e9couvrez notre proposition de cr\\u00e9er un havre de d\\u00e9tente \\u00e0 votre mesure par Krion Bath avec la baignoire SLIM et la s\\u00e9rie NEST.\",\"breadcrumb\":{\"@id\":\"https:\/\/www.krion.com\/looks\/fr\/slim-nest\/#breadcrumb\"},\"inLanguage\":\"fr-FR\",\"potentialAction\":[{\"@type\":\"ReadAction\",\"target\":[\"https:\/\/www.krion.com\/looks\/fr\/slim-nest\/\"]}]},{\"@type\":\"BreadcrumbList\",\"@id\":\"https:\/\/www.krion.com\/looks\/fr\/slim-nest\/#breadcrumb\",\"itemListElement\":[{\"@type\":\"ListItem\",\"position\":1,\"name\":\"Home\",\"item\":\"https:\/\/www.krion.com\/looks\/fr\/\"},{\"@type\":\"ListItem\",\"position\":2,\"name\":\"Set de bain Nest Slim\"}]}]}<\/script>\n<!-- \/ Yoast SEO plugin. -->","yoast_head_json":{"title":"Baignoire SLIM et ensemble de bain NEST | Krion Bath","description":"D\u00e9couvrez notre proposition de cr\u00e9er un havre de d\u00e9tente \u00e0 votre mesure par Krion Bath avec la baignoire SLIM et la s\u00e9rie NEST.","robots":{"index":"index","follow":"follow","max-snippet":"max-snippet:-1","max-image-preview":"max-image-preview:large","max-video-preview":"max-video-preview:-1"},"canonical":"https:\/\/www.krion.com\/looks\/fr\/slim-nest\/","og_locale":"fr_FR","og_type":"article","og_title":"Baignoire SLIM et ensemble de bain NEST | Krion Bath","og_description":"D\u00e9couvrez notre proposition de cr\u00e9er un havre de d\u00e9tente \u00e0 votre mesure par Krion Bath avec la baignoire SLIM et la s\u00e9rie NEST.","og_url":"https:\/\/www.krion.com\/looks\/fr\/slim-nest\/","og_site_name":"Krion Java&amp;Flow","article_modified_time":"2022-12-19T13:18:32+00:00","twitter_card":"summary_large_image","schema":{"@context":"https:\/\/schema.org","@graph":[{"@type":"WebSite","@id":"https:\/\/www.krion.com\/looks\/#website","url":"https:\/\/www.krion.com\/looks\/","name":"Krion Java&amp;Flow","description":"","potentialAction":[{"@type":"SearchAction","target":{"@type":"EntryPoint","urlTemplate":"https:\/\/www.krion.com\/looks\/?s={search_term_string}"},"query-input":"required name=search_term_string"}],"inLanguage":"fr-FR"},{"@type":"WebPage","@id":"https:\/\/www.krion.com\/looks\/fr\/slim-nest\/#webpage","url":"https:\/\/www.krion.com\/looks\/fr\/slim-nest\/","name":"Baignoire SLIM et ensemble de bain NEST | Krion Bath","isPartOf":{"@id":"https:\/\/www.krion.com\/looks\/#website"},"datePublished":"2022-12-12T11:32:21+00:00","dateModified":"2022-12-19T13:18:32+00:00","description":"D\u00e9couvrez notre proposition de cr\u00e9er un havre de d\u00e9tente \u00e0 votre mesure par Krion Bath avec la baignoire SLIM et la s\u00e9rie NEST.","breadcrumb":{"@id":"https:\/\/www.krion.com\/looks\/fr\/slim-nest\/#breadcrumb"},"inLanguage":"fr-FR","potentialAction":[{"@type":"ReadAction","target":["https:\/\/www.krion.com\/looks\/fr\/slim-nest\/"]}]},{"@type":"BreadcrumbList","@id":"https:\/\/www.krion.com\/looks\/fr\/slim-nest\/#breadcrumb","itemListElement":[{"@type":"ListItem","position":1,"name":"Home","item":"https:\/\/www.krion.com\/looks\/fr\/"},{"@type":"ListItem","position":2,"name":"Set de bain Nest Slim"}]}]}},"_links":{"self":[{"href":"https:\/\/www.krion.com\/looks\/fr\/wp-json\/wp\/v2\/pages\/316"}],"collection":[{"href":"https:\/\/www.krion.com\/looks\/fr\/wp-json\/wp\/v2\/pages"}],"about":[{"href":"https:\/\/www.krion.com\/looks\/fr\/wp-json\/wp\/v2\/types\/page"}],"author":[{"embeddable":true,"href":"https:\/\/www.krion.com\/looks\/fr\/wp-json\/wp\/v2\/users\/1"}],"replies":[{"embeddable":true,"href":"https:\/\/www.krion.com\/looks\/fr\/wp-json\/wp\/v2\/comments?post=316"}],"version-history":[{"count":8,"href":"https:\/\/www.krion.com\/looks\/fr\/wp-json\/wp\/v2\/pages\/316\/revisions"}],"predecessor-version":[{"id":334,"href":"https:\/\/www.krion.com\/looks\/fr\/wp-json\/wp\/v2\/pages\/316\/revisions\/334"}],"wp:attachment":[{"href":"https:\/\/www.krion.com\/looks\/fr\/wp-json\/wp\/v2\/media?parent=316"}],"curies":[{"name":"wp","href":"https:\/\/api.w.org\/{rel}","templated":true}]}}