{"id":222,"date":"2022-11-25T11:23:26","date_gmt":"2022-11-25T11:23:26","guid":{"rendered":"https:\/\/www.krion.com\/looks\/?page_id=222"},"modified":"2022-11-30T10:08:08","modified_gmt":"2022-11-30T10:08:08","slug":"java-flow","status":"publish","type":"page","link":"https:\/\/www.krion.com\/looks\/fr\/java-flow\/","title":{"rendered":"Java Flow"},"content":{"rendered":"","protected":false},"excerpt":{"rendered":"","protected":false},"author":1,"featured_media":0,"parent":0,"menu_order":0,"comment_status":"closed","ping_status":"closed","template":"page-home.php","meta":[],"acf":[],"yoast_head":"<!-- This site is optimized with the Yoast SEO plugin v17.6 - https:\/\/yoast.com\/wordpress\/plugins\/seo\/ -->\n<title>Paroi de douche Java &amp; Receveur de douche Flow | Krion Bath<\/title>\n<meta name=\"description\" content=\"D\u00e9couvrez Java&amp;Flow, la combinaison parfaite d&#039;une paroi de douche et d&#039;un receveur de douche. Un abri r\u00e9alis\u00e9 sur mesure pour vous par Krion Bath.\" \/>\n<meta name=\"robots\" content=\"index, follow, max-snippet:-1, max-image-preview:large, max-video-preview:-1\" \/>\n<link rel=\"canonical\" href=\"https:\/\/www.krion.com\/looks\/fr\/java-flow\/\" \/>\n<meta property=\"og:locale\" content=\"fr_FR\" \/>\n<meta property=\"og:type\" content=\"article\" \/>\n<meta property=\"og:title\" content=\"Paroi de douche Java &amp; Receveur de douche Flow | Krion Bath\" \/>\n<meta property=\"og:description\" content=\"D\u00e9couvrez Java&amp;Flow, la combinaison parfaite d&#039;une paroi de douche et d&#039;un receveur de douche. Un abri r\u00e9alis\u00e9 sur mesure pour vous par Krion Bath.\" \/>\n<meta property=\"og:url\" content=\"https:\/\/www.krion.com\/looks\/fr\/java-flow\/\" \/>\n<meta property=\"og:site_name\" content=\"Krion Java&amp;Flow\" \/>\n<meta property=\"article:modified_time\" content=\"2022-11-30T10:08:08+00:00\" \/>\n<meta name=\"twitter:card\" content=\"summary_large_image\" \/>\n<script type=\"application\/ld+json\" class=\"yoast-schema-graph\">{\"@context\":\"https:\/\/schema.org\",\"@graph\":[{\"@type\":\"WebSite\",\"@id\":\"https:\/\/www.krion.com\/looks\/#website\",\"url\":\"https:\/\/www.krion.com\/looks\/\",\"name\":\"Krion Java&amp;Flow\",\"description\":\"\",\"potentialAction\":[{\"@type\":\"SearchAction\",\"target\":{\"@type\":\"EntryPoint\",\"urlTemplate\":\"https:\/\/www.krion.com\/looks\/?s={search_term_string}\"},\"query-input\":\"required name=search_term_string\"}],\"inLanguage\":\"fr-FR\"},{\"@type\":\"WebPage\",\"@id\":\"https:\/\/www.krion.com\/looks\/fr\/java-flow\/#webpage\",\"url\":\"https:\/\/www.krion.com\/looks\/fr\/java-flow\/\",\"name\":\"Paroi de douche Java & Receveur de douche Flow | Krion Bath\",\"isPartOf\":{\"@id\":\"https:\/\/www.krion.com\/looks\/#website\"},\"datePublished\":\"2022-11-25T11:23:26+00:00\",\"dateModified\":\"2022-11-30T10:08:08+00:00\",\"description\":\"D\\u00e9couvrez Java&Flow, la combinaison parfaite d'une paroi de douche et d'un receveur de douche. Un abri r\\u00e9alis\\u00e9 sur mesure pour vous par Krion Bath.\",\"breadcrumb\":{\"@id\":\"https:\/\/www.krion.com\/looks\/fr\/java-flow\/#breadcrumb\"},\"inLanguage\":\"fr-FR\",\"potentialAction\":[{\"@type\":\"ReadAction\",\"target\":[\"https:\/\/www.krion.com\/looks\/fr\/java-flow\/\"]}]},{\"@type\":\"BreadcrumbList\",\"@id\":\"https:\/\/www.krion.com\/looks\/fr\/java-flow\/#breadcrumb\",\"itemListElement\":[{\"@type\":\"ListItem\",\"position\":1,\"name\":\"Home\",\"item\":\"https:\/\/www.krion.com\/looks\/fr\/\"},{\"@type\":\"ListItem\",\"position\":2,\"name\":\"Java Flow\"}]}]}<\/script>\n<!-- \/ Yoast SEO plugin. -->","yoast_head_json":{"title":"Paroi de douche Java & Receveur de douche Flow | Krion Bath","description":"D\u00e9couvrez Java&Flow, la combinaison parfaite d'une paroi de douche et d'un receveur de douche. Un abri r\u00e9alis\u00e9 sur mesure pour vous par Krion Bath.","robots":{"index":"index","follow":"follow","max-snippet":"max-snippet:-1","max-image-preview":"max-image-preview:large","max-video-preview":"max-video-preview:-1"},"canonical":"https:\/\/www.krion.com\/looks\/fr\/java-flow\/","og_locale":"fr_FR","og_type":"article","og_title":"Paroi de douche Java & Receveur de douche Flow | Krion Bath","og_description":"D\u00e9couvrez Java&Flow, la combinaison parfaite d'une paroi de douche et d'un receveur de douche. Un abri r\u00e9alis\u00e9 sur mesure pour vous par Krion Bath.","og_url":"https:\/\/www.krion.com\/looks\/fr\/java-flow\/","og_site_name":"Krion Java&amp;Flow","article_modified_time":"2022-11-30T10:08:08+00:00","twitter_card":"summary_large_image","schema":{"@context":"https:\/\/schema.org","@graph":[{"@type":"WebSite","@id":"https:\/\/www.krion.com\/looks\/#website","url":"https:\/\/www.krion.com\/looks\/","name":"Krion Java&amp;Flow","description":"","potentialAction":[{"@type":"SearchAction","target":{"@type":"EntryPoint","urlTemplate":"https:\/\/www.krion.com\/looks\/?s={search_term_string}"},"query-input":"required name=search_term_string"}],"inLanguage":"fr-FR"},{"@type":"WebPage","@id":"https:\/\/www.krion.com\/looks\/fr\/java-flow\/#webpage","url":"https:\/\/www.krion.com\/looks\/fr\/java-flow\/","name":"Paroi de douche Java & Receveur de douche Flow | Krion Bath","isPartOf":{"@id":"https:\/\/www.krion.com\/looks\/#website"},"datePublished":"2022-11-25T11:23:26+00:00","dateModified":"2022-11-30T10:08:08+00:00","description":"D\u00e9couvrez Java&Flow, la combinaison parfaite d'une paroi de douche et d'un receveur de douche. Un abri r\u00e9alis\u00e9 sur mesure pour vous par Krion Bath.","breadcrumb":{"@id":"https:\/\/www.krion.com\/looks\/fr\/java-flow\/#breadcrumb"},"inLanguage":"fr-FR","potentialAction":[{"@type":"ReadAction","target":["https:\/\/www.krion.com\/looks\/fr\/java-flow\/"]}]},{"@type":"BreadcrumbList","@id":"https:\/\/www.krion.com\/looks\/fr\/java-flow\/#breadcrumb","itemListElement":[{"@type":"ListItem","position":1,"name":"Home","item":"https:\/\/www.krion.com\/looks\/fr\/"},{"@type":"ListItem","position":2,"name":"Java Flow"}]}]}},"_links":{"self":[{"href":"https:\/\/www.krion.com\/looks\/fr\/wp-json\/wp\/v2\/pages\/222"}],"collection":[{"href":"https:\/\/www.krion.com\/looks\/fr\/wp-json\/wp\/v2\/pages"}],"about":[{"href":"https:\/\/www.krion.com\/looks\/fr\/wp-json\/wp\/v2\/types\/page"}],"author":[{"embeddable":true,"href":"https:\/\/www.krion.com\/looks\/fr\/wp-json\/wp\/v2\/users\/1"}],"replies":[{"embeddable":true,"href":"https:\/\/www.krion.com\/looks\/fr\/wp-json\/wp\/v2\/comments?post=222"}],"version-history":[{"count":6,"href":"https:\/\/www.krion.com\/looks\/fr\/wp-json\/wp\/v2\/pages\/222\/revisions"}],"predecessor-version":[{"id":233,"href":"https:\/\/www.krion.com\/looks\/fr\/wp-json\/wp\/v2\/pages\/222\/revisions\/233"}],"wp:attachment":[{"href":"https:\/\/www.krion.com\/looks\/fr\/wp-json\/wp\/v2\/media?parent=222"}],"curies":[{"name":"wp","href":"https:\/\/api.w.org\/{rel}","templated":true}]}}